{"id":76,"date":"2020-07-28T02:04:11","date_gmt":"2020-07-28T02:04:11","guid":{"rendered":"http:\/\/bds12.maugiaodien.com\/?post_type=product&#038;p=76"},"modified":"2026-01-12T10:23:00","modified_gmt":"2026-01-12T03:23:00","slug":"datnentrangcat","status":"publish","type":"product","link":"https:\/\/trangcatecoland.com\/?product=datnentrangcat","title":{"rendered":"QU\u1ef8 \u0110\u1ea4T HI\u1ebeM TR\u1ee4C CH\u00cdNH M\u1eb6T \u0110\u01af\u1edcNG T\u00c2N V\u0168, C\u01a0 H\u1ed8I \u0110\u1ea6U T\u01af S\u00c1NG GI\u00c1"},"content":{"rendered":"<h2><b>TH\u00d4NG TIN T\u1ed4NG QUAN D\u1ef0 \u00c1N<\/b><\/h2>\n<ul>\n<li style=\"font-weight: 400;\" aria-level=\"1\"><b>Lo\u1ea1i h\u00ecnh:<\/b><span style=\"font-weight: 400;\"> \u0110\u1ea5t n\u1ec1n F0 m\u1eb7t \u0111\u01b0\u1eddng<\/span>&nbsp;<\/li>\n<li style=\"font-weight: 400;\" aria-level=\"1\"><b>V\u1ecb tr\u00ed:<\/b><span style=\"font-weight: 400;\"> Tr\u1ee5c ch\u00ednh \u0111\u01b0\u1eddng T\u00e2n V\u0169<\/span>&nbsp;<\/li>\n<li style=\"font-weight: 400;\" aria-level=\"1\"><b>H\u1ea1 t\u1ea7ng:<\/b><span style=\"font-weight: 400;\"> \u0110\u01b0\u1eddng chu\u1ea9n b\u1ecb m\u1edf r\u1ed9ng l\u00ean <\/span><b>12m<\/b>&nbsp;<\/li>\n<li style=\"font-weight: 400;\" aria-level=\"1\"><b>Ph\u00e1p l\u00fd:<\/b><span style=\"font-weight: 400;\"> S\u1ed5 \u0111\u1ecf ri\u00eang t\u1eebng l\u00f4 \u2013 kh\u00f4ng quy ho\u1ea1ch<\/span>&nbsp;<\/li>\n<li style=\"font-weight: 400;\" aria-level=\"1\"><b>T\u00ecnh tr\u1ea1ng:<\/b><span style=\"font-weight: 400;\"> H\u00e0ng th\u1eadt \u2013 gi\u00e1 th\u1eadt \u2013 giao d\u1ecbch tr\u1ef1c ti\u1ebfp<\/span><span style=\"font-weight: 400;\"><br \/>\n<\/span><\/li>\n<\/ul>\n<h2><b>V\u1eca TR\u00cd &amp; TI\u1ec0M N\u0102NG<\/b><\/h2>\n<ul>\n<li style=\"font-weight: 400;\" aria-level=\"1\"><span style=\"font-weight: 400;\">M\u1eb7t \u0111\u01b0\u1eddng T\u00e2n V\u0169 \u2013 tuy\u1ebfn giao th\u00f4ng quan tr\u1ecdng khu v\u1ef1c<\/span>&nbsp;<\/li>\n<li style=\"font-weight: 400;\" aria-level=\"1\"><span style=\"font-weight: 400;\">K\u1ebft n\u1ed1i nhanh c\u00e1c tr\u1ee5c \u0111\u01b0\u1eddng l\u1edbn, khu d\u00e2n c\u01b0 hi\u1ec7n h\u1eefu<\/span>&nbsp;<\/li>\n<li style=\"font-weight: 400;\" aria-level=\"1\"><span style=\"font-weight: 400;\">Ph\u00f9 h\u1ee3p:<\/span>&nbsp;\n<ul>\n<li style=\"font-weight: 400;\" aria-level=\"2\"><span style=\"font-weight: 400;\">X\u00e2y nh\u00e0 \u1edf l\u00e2u d\u00e0i<\/span>&nbsp;<\/li>\n<li style=\"font-weight: 400;\" aria-level=\"2\"><span style=\"font-weight: 400;\">Kinh doanh, m\u1edf v\u0103n ph\u00f2ng<\/span>&nbsp;<\/li>\n<li style=\"font-weight: 400;\" aria-level=\"2\"><span style=\"font-weight: 400;\">\u0110\u1ea7u t\u01b0 gi\u1eef t\u00e0i s\u1ea3n, ch\u1edd t\u0103ng gi\u00e1 theo h\u1ea1 t\u1ea7ng<\/span>&nbsp;<\/li>\n<\/ul>\n<\/li>\n<\/ul>\n<p><span style=\"font-weight: 400;\">\u00a0<\/span><b>\u0110\u1ea5t m\u1eb7t \u0111\u01b0\u1eddng + m\u1edf r\u1ed9ng l\u1ed9 gi\u1edbi = bi\u00ean \u0111\u1ed9 t\u0103ng gi\u00e1 cao<\/b><\/p>\n<h2><b>T\u00ccNH TR\u1ea0NG QU\u1ef8 H\u00c0NG HI\u1ec6N T\u1ea0I<\/b><\/h2>\n<ul>\n<li style=\"font-weight: 400;\" aria-level=\"1\"><b>L\u00f4 S1 \u2013 S2: \u0110\u00c3 C\u00d3 CH\u1ee6<\/b>&nbsp;<\/li>\n<li style=\"font-weight: 400;\" aria-level=\"1\"><b>C\u00f2n c\u00e1c l\u00f4:<\/b>&nbsp;\n<ul>\n<li style=\"font-weight: 400;\" aria-level=\"2\"><span style=\"font-weight: 400;\">S3<\/span>&nbsp;<\/li>\n<li style=\"font-weight: 400;\" aria-level=\"2\"><span style=\"font-weight: 400;\">S4<\/span>&nbsp;<\/li>\n<li style=\"font-weight: 400;\" aria-level=\"2\"><span style=\"font-weight: 400;\">S5<\/span>&nbsp;<\/li>\n<li style=\"font-weight: 400;\" aria-level=\"2\"><span style=\"font-weight: 400;\">S6<\/span>&nbsp;<\/li>\n<\/ul>\n<\/li>\n<\/ul>\n<p><b>S\u1ed1 l\u01b0\u1ee3ng gi\u1edbi h\u1ea1n \u2013 \u01b0u ti\u00ean kh\u00e1ch thi\u1ec7n ch\u00ed, ch\u1ed1t s\u1edbm<\/b><\/p>\n<h2><b>GI\u00c1 B\u00c1N<\/b><\/h2>\n<ul>\n<li style=\"font-weight: 400;\" aria-level=\"1\"><b>Gi\u00e1 ch\u1ec9 t\u1eeb: 2,25 \u2013 2,5 t\u1ef7\/l\u00f4<\/b>&nbsp;<\/li>\n<li style=\"font-weight: 400;\" aria-level=\"1\"><span style=\"font-weight: 400;\">M\u1ee9c gi\u00e1 t\u1ed1t trong ph\u00e2n kh\u00fac \u0111\u1ea5t m\u1eb7t \u0111\u01b0\u1eddng<\/span>&nbsp;<\/li>\n<li style=\"font-weight: 400;\" aria-level=\"1\"><span style=\"font-weight: 400;\">D\u1ec5 mua \u2013 d\u1ec5 b\u00e1n \u2013 d\u1ec5 thanh kho\u1ea3n<\/span><span style=\"font-weight: 400;\"><br \/>\n<\/span><\/li>\n<\/ul>\n<h2><b>PH\u00c1P L\u00dd &amp; CAM K\u1ebeT<\/b><\/h2>\n<p><span style=\"font-weight: 400;\">S\u1ed5 \u0111\u1ecf ri\u00eang t\u1eebng l\u00f4<\/span><span style=\"font-weight: 400;\"><br \/>\n<\/span><span style=\"font-weight: 400;\">Cam k\u1ebft kh\u00f4ng v\u01b0\u1edbng quy ho\u1ea1ch<\/span><span style=\"font-weight: 400;\"><br \/>\n<\/span><span style=\"font-weight: 400;\">Ph\u00e1p l\u00fd minh b\u1ea1ch \u2013 ki\u1ec3m tra tho\u1ea3i m\u00e1i<\/span><span style=\"font-weight: 400;\"><br \/>\n<\/span><span style=\"font-weight: 400;\">H\u1ed7 tr\u1ee3 th\u1ee7 t\u1ee5c, <\/span><b>sang t\u00ean nhanh g\u1ecdn<\/b><\/p>\n<h2><b>CH\u00cdNH S\u00c1CH B\u00c1N H\u00c0NG \u2013 H\u1ee2P T\u00c1C<\/b><\/h2>\n<ul>\n<li style=\"font-weight: 400;\" aria-level=\"1\"><span style=\"font-weight: 400;\">H\u1ed7 tr\u1ee3 b\u00e1n h\u1ed9<\/span>&nbsp;<\/li>\n<li style=\"font-weight: 400;\" aria-level=\"1\"><span style=\"font-weight: 400;\">Ph\u1ed1i h\u1ee3p linh ho\u1ea1t, minh b\u1ea1ch<\/span>&nbsp;<\/li>\n<li style=\"font-weight: 400;\" aria-level=\"1\"><b>Hoa h\u1ed3ng h\u1ea5p d\u1eabn 100%<\/b>&nbsp;<\/li>\n<li style=\"font-weight: 400;\" aria-level=\"1\"><span style=\"font-weight: 400;\">H\u1ed7 tr\u1ee3 h\u00ecnh \u1ea3nh \u2013 th\u00f4ng tin \u2013 kh\u00e1ch xem th\u1ef1c t\u1ebf<\/span><\/li>\n<\/ul>\n<h2><b>V\u00cc SAO N\u00caN CH\u1eccN S\u1ea2N PH\u1ea8M N\u00c0Y?<\/b><\/h2>\n<ul>\n<li style=\"font-weight: 400;\" aria-level=\"1\"><span style=\"font-weight: 400;\">Qu\u1ef9 \u0111\u1ea5t F0 hi\u1ebfm tr\u00ean tr\u1ee5c ch\u00ednh<\/span>&nbsp;<\/li>\n<li style=\"font-weight: 400;\" aria-level=\"1\"><span style=\"font-weight: 400;\">Gi\u00e1 c\u00f2n t\u1ed1t tr\u01b0\u1edbc th\u1eddi \u0111i\u1ec3m m\u1edf r\u1ed9ng \u0111\u01b0\u1eddng<\/span>&nbsp;<\/li>\n<li style=\"font-weight: 400;\" aria-level=\"1\"><span style=\"font-weight: 400;\">Ph\u00e1p l\u00fd s\u1ea1ch \u2013 r\u1ee7i ro th\u1ea5p<\/span>&nbsp;<\/li>\n<li style=\"font-weight: 400;\" aria-level=\"1\"><span style=\"font-weight: 400;\">Ph\u00f9 h\u1ee3p c\u1ea3 <\/span><b>\u1edf th\u1ef1c &amp; \u0111\u1ea7u t\u01b0<\/b><b><br \/>\n<\/b><\/li>\n<\/ul>\n<h2><b>LI\u00caN H\u1ec6 NGAY<\/b><\/h2>\n<p><span style=\"font-weight: 400;\">\u0110\u1ec3 nh\u1eadn:<\/span><\/p>\n<ul>\n<li style=\"font-weight: 400;\" aria-level=\"1\"><span style=\"font-weight: 400;\">Th\u00f4ng tin chi ti\u1ebft t\u1eebng l\u00f4<\/span>&nbsp;<\/li>\n<li style=\"font-weight: 400;\" aria-level=\"1\"><span style=\"font-weight: 400;\">S\u01a1 \u0111\u1ed3 v\u1ecb tr\u00ed<\/span>&nbsp;<\/li>\n<li style=\"font-weight: 400;\" aria-level=\"1\"><span style=\"font-weight: 400;\">Gi\u00e1 ch\u00ednh x\u00e1c &amp; l\u1ecbch \u0111i xem \u0111\u1ea5t th\u1ef1c t\u1ebf<\/span>&nbsp;<\/li>\n<\/ul>\n<p><b>TrangCat Eco Land \u2013 \u0110\u1ed3ng h\u00e0nh c\u00f9ng gi\u00e1 tr\u1ecb b\u1ec1n v\u1eefng<\/b><\/p>\n<p>&nbsp;<\/p>\n","protected":false},"excerpt":{"rendered":"<p>Qu\u1ef9 \u0111\u1ea5t F0 m\u1eb7t \u0111\u01b0\u1eddng T\u00e2n V\u0169, s\u1ed5 \u0111\u1ecf ri\u00eang t\u1eebng l\u00f4, kh\u00f4ng quy ho\u1ea1ch, \u0111\u01b0\u1eddng chu\u1ea9n b\u1ecb m\u1edf r\u1ed9ng 12m. Gi\u00e1 ch\u1ec9 t\u1eeb 2,25 \u2013 2,5 t\u1ef7. Li\u00ean h\u1ec7 xem \u0111\u1ea5t ngay.<\/p>\n","protected":false},"featured_media":751,"comment_status":"open","ping_status":"closed","template":"","meta":[],"product_brand":[],"product_cat":[15,17,18,19,20],"product_tag":[],"class_list":{"0":"post-76","1":"product","2":"type-product","3":"status-publish","4":"has-post-thumbnail","6":"product_cat-can-ho","7":"product_cat-biet-thu","8":"product_cat-chung-cu","9":"product_cat-nha-pho","10":"product_cat-van-phong","12":"first","13":"instock","14":"shipping-taxable","15":"product-type-simple"},"_links":{"self":[{"href":"https:\/\/trangcatecoland.com\/index.php?rest_route=\/wp\/v2\/product\/76","targetHints":{"allow":["GET"]}}],"collection":[{"href":"https:\/\/trangcatecoland.com\/index.php?rest_route=\/wp\/v2\/product"}],"about":[{"href":"https:\/\/trangcatecoland.com\/index.php?rest_route=\/wp\/v2\/types\/product"}],"replies":[{"embeddable":true,"href":"https:\/\/trangcatecoland.com\/index.php?rest_route=%2Fwp%2Fv2%2Fcomments&post=76"}],"wp:featuredmedia":[{"embeddable":true,"href":"https:\/\/trangcatecoland.com\/index.php?rest_route=\/wp\/v2\/media\/751"}],"wp:attachment":[{"href":"https:\/\/trangcatecoland.com\/index.php?rest_route=%2Fwp%2Fv2%2Fmedia&parent=76"}],"wp:term":[{"taxonomy":"product_brand","embeddable":true,"href":"https:\/\/trangcatecoland.com\/index.php?rest_route=%2Fwp%2Fv2%2Fproduct_brand&post=76"},{"taxonomy":"product_cat","embeddable":true,"href":"https:\/\/trangcatecoland.com\/index.php?rest_route=%2Fwp%2Fv2%2Fproduct_cat&post=76"},{"taxonomy":"product_tag","embeddable":true,"href":"https:\/\/trangcatecoland.com\/index.php?rest_route=%2Fwp%2Fv2%2Fproduct_tag&post=76"}],"curies":[{"name":"wp","href":"https:\/\/api.w.org\/{rel}","templated":true}]}}